{"id":170,"date":"2025-09-01T23:07:34","date_gmt":"2025-09-01T23:07:34","guid":{"rendered":"https:\/\/www.alsafir.co\/?page_id=170"},"modified":"2025-09-04T01:21:28","modified_gmt":"2025-09-04T01:21:28","slug":"our-subsidiaries","status":"publish","type":"page","link":"https:\/\/www.alsafir.co\/pt\/our-subsidiaries\/","title":{"rendered":"As nossas subsidi\u00e1rias"},"content":{"rendered":"<div data-elementor-type=\"wp-page\" data-elementor-id=\"170\" class=\"elementor elementor-170\">\n\t\t\t\t<div class=\"elementor-element elementor-element-ecd2639 e-flex e-con-boxed e-con e-parent\" data-id=\"ecd2639\" data-element_type=\"container\" data-e-type=\"container\" data-settings=\"{&quot;background_background&quot;:&quot;classic&quot;}\">\n\t\t\t\t\t<div class=\"e-con-inner\">\n\t\t\t\t<div class=\"elementor-element elementor-element-644af2c elementor-widget elementor-widget-page-title\" data-id=\"644af2c\" data-element_type=\"widget\" data-e-type=\"widget\" data-settings=\"{&quot;align&quot;:&quot;center&quot;}\" data-widget_type=\"page-title.default\">\n\t\t\t\t<div class=\"elementor-widget-container\">\n\t\t\t\t\t\t\t\n\t\t<div class=\"hfe-page-title hfe-page-title-wrapper elementor-widget-heading\">\n\n\t\t\t\t\t\t\t\t\t\t\t<a href=\"https:\/\/www.alsafir.co\/pt\">\n\t\t\t\t\t\t<h2 class=\"elementor-heading-title elementor-size-default\">\n\t\t\t\t\t\t\t\t\n\t\t\t\tAs nossas subsidi\u00e1rias  \n\t\t\t<\/h2> \n\t\t\t\t\t\t\t\t\t<\/a>\n\t\t\t\t\t<\/div>\n\t\t\t\t\t\t<\/div>\n\t\t\t\t<\/div>\n\t\t\t\t\t<\/div>\n\t\t\t\t<\/div>\n\t\t<div class=\"elementor-element elementor-element-613e0ea e-flex e-con-boxed e-con e-parent\" data-id=\"613e0ea\" data-element_type=\"container\" data-e-type=\"container\">\n\t\t\t\t\t<div class=\"e-con-inner\">\n\t\t<div class=\"elementor-element elementor-element-ddd933e e-con-full e-flex e-con e-child\" data-id=\"ddd933e\" data-element_type=\"container\" data-e-type=\"container\">\n\t\t\t\t<div class=\"elementor-element elementor-element-6bee693 elementor-widget elementor-widget-heading\" data-id=\"6bee693\" data-element_type=\"widget\" data-e-type=\"widget\" data-widget_type=\"heading.default\">\n\t\t\t\t\t<h2 class=\"elementor-heading-title elementor-size-default\">Bem-vindo \u00e0 Alsafir Com\u00e9rcio e Ind\u00fastria LDA<\/h2>\t\t\t\t<\/div>\n\t\t<div class=\"elementor-element elementor-element-2f174c6 e-con-full e-flex e-con e-child\" data-id=\"2f174c6\" data-element_type=\"container\" data-e-type=\"container\">\n\t\t<div class=\"elementor-element elementor-element-eb7acec e-con-full e-flex e-con e-child\" data-id=\"eb7acec\" data-element_type=\"container\" data-e-type=\"container\">\n\t\t\t\t<div class=\"elementor-element elementor-element-ff71774 elementor-widget elementor-widget-image\" data-id=\"ff71774\" data-element_type=\"widget\" data-e-type=\"widget\" data-widget_type=\"image.default\">\n\t\t\t\t\t\t\t\t\t\t\t\t\t\t\t<img fetchpriority=\"high\" decoding=\"async\" width=\"504\" height=\"187\" src=\"https:\/\/www.alsafir.co\/wp-content\/uploads\/2025\/08\/logo.jpg\" class=\"attachment-full size-full wp-image-15\" alt=\"\" srcset=\"https:\/\/www.alsafir.co\/wp-content\/uploads\/2025\/08\/logo.jpg 504w, https:\/\/www.alsafir.co\/wp-content\/uploads\/2025\/08\/logo-300x111.jpg 300w\" sizes=\"(max-width: 504px) 100vw, 504px\" \/>\t\t\t\t\t\t\t\t\t\t\t\t\t\t\t<\/div>\n\t\t\t\t<\/div>\n\t\t<div class=\"elementor-element elementor-element-bf8ee4a e-con-full e-flex e-con e-child\" data-id=\"bf8ee4a\" data-element_type=\"container\" data-e-type=\"container\">\n\t\t\t\t<div class=\"elementor-element elementor-element-283cab1 elementor-widget elementor-widget-text-editor\" data-id=\"283cab1\" data-element_type=\"widget\" data-e-type=\"widget\" data-widget_type=\"text-editor.default\">\n\t\t\t\t\t\t\t\t\t<p>Na Alsafir Com\u00e9rcio e Ind\u00fastria LDA, estamos empenhados em construir parcerias comerciais e industriais fortes e estrat\u00e9gicas que impulsionem o crescimento sustent\u00e1vel em Angola e al\u00e9m-fronteiras. Como empresa din\u00e2mica e diversificada, operamos em v\u00e1rios setores, incluindo com\u00e9rcio internacional, log\u00edstica, importa\u00e7\u00e3o e exporta\u00e7\u00e3o, e solu\u00e7\u00f5es industriais \u2014 sempre com integridade, efici\u00eancia e inova\u00e7\u00e3o.<br \/><br \/>Fundada com uma vis\u00e3o de excel\u00eancia e fiabilidade, a Alsafir est\u00e1 comprometida com a oferta de produtos e servi\u00e7os de alta qualidade, ligando fornecedores globais a mercados regionais e apoiando o desenvolvimento nacional atrav\u00e9s de pr\u00e1ticas empresariais respons\u00e1veis.<br \/><br \/>Com uma rede de parceiros internacionais de confian\u00e7a, profundo conhecimento do mercado e uma abordagem centrada no cliente, a Alsafir orgulha-se de ser uma das l\u00edderes emergentes em opera\u00e7\u00f5es comerciais e industriais em Angola.<\/p>\t\t\t\t\t\t\t\t<\/div>\n\t\t\t\t<\/div>\n\t\t\t\t<\/div>\n\t\t\t\t<\/div>\n\t\t<div class=\"elementor-element elementor-element-98fb112 e-con-full e-flex e-con e-child\" data-id=\"98fb112\" data-element_type=\"container\" data-e-type=\"container\">\n\t\t\t\t<div class=\"elementor-element elementor-element-ea65711 elementor-widget elementor-widget-heading\" data-id=\"ea65711\" data-element_type=\"widget\" data-e-type=\"widget\" data-widget_type=\"heading.default\">\n\t\t\t\t\t<h2 class=\"elementor-heading-title elementor-size-default\">Bem-vindo \u00e0 Omega General Logistics<\/h2>\t\t\t\t<\/div>\n\t\t<div class=\"elementor-element elementor-element-e4c79c6 e-con-full e-flex e-con e-child\" data-id=\"e4c79c6\" data-element_type=\"container\" data-e-type=\"container\">\n\t\t<div class=\"elementor-element elementor-element-a438805 e-con-full e-flex e-con e-child\" data-id=\"a438805\" data-element_type=\"container\" data-e-type=\"container\">\n\t\t\t\t<div class=\"elementor-element elementor-element-9456186 elementor-widget elementor-widget-image\" data-id=\"9456186\" data-element_type=\"widget\" data-e-type=\"widget\" data-widget_type=\"image.default\">\n\t\t\t\t\t\t\t\t\t\t\t\t\t\t\t<img decoding=\"async\" width=\"464\" height=\"194\" src=\"https:\/\/www.alsafir.co\/wp-content\/uploads\/2025\/08\/subsidary-lgo3.png\" class=\"attachment-full size-full wp-image-66\" alt=\"\" srcset=\"https:\/\/www.alsafir.co\/wp-content\/uploads\/2025\/08\/subsidary-lgo3.png 464w, https:\/\/www.alsafir.co\/wp-content\/uploads\/2025\/08\/subsidary-lgo3-300x125.png 300w\" sizes=\"(max-width: 464px) 100vw, 464px\" \/>\t\t\t\t\t\t\t\t\t\t\t\t\t\t\t<\/div>\n\t\t\t\t<\/div>\n\t\t<div class=\"elementor-element elementor-element-9e2261d e-con-full e-flex e-con e-child\" data-id=\"9e2261d\" data-element_type=\"container\" data-e-type=\"container\">\n\t\t\t\t<div class=\"elementor-element elementor-element-51a11c2 elementor-widget elementor-widget-text-editor\" data-id=\"51a11c2\" data-element_type=\"widget\" data-e-type=\"widget\" data-widget_type=\"text-editor.default\">\n\t\t\t\t\t\t\t\t\t<p>Na Omega General Logistics, somos especializados em servi\u00e7os de log\u00edstica de terceiros (3PL), concebidos para capacitar empresas com solu\u00e7\u00f5es fi\u00e1veis, eficientes e personalizadas para a cadeia de abastecimento.<br \/><br \/>A nossa miss\u00e3o principal \u00e9 gerir, de forma fluida, todo o processo log\u00edstico para clientes de diferentes setores. Garantimos que cada elo da sua cadeia de abastecimento funcione de forma harmoniosa.<br \/><br \/>Apoiados por uma rede robusta, uma equipa altamente qualificada e um conhecimento regional profundo, oferecemos solu\u00e7\u00f5es log\u00edsticas flex\u00edveis e econ\u00f3micas, permitindo-lhe concentrar-se nas suas opera\u00e7\u00f5es principais \u2014 enquanto n\u00f3s tratamos do resto.<\/p>\t\t\t\t\t\t\t\t<\/div>\n\t\t\t\t<\/div>\n\t\t\t\t<\/div>\n\t\t\t\t<\/div>\n\t\t<div class=\"elementor-element elementor-element-6cbb4ce e-con-full e-flex e-con e-child\" data-id=\"6cbb4ce\" data-element_type=\"container\" data-e-type=\"container\">\n\t\t\t\t<div class=\"elementor-element elementor-element-c62095e elementor-widget elementor-widget-heading\" data-id=\"c62095e\" data-element_type=\"widget\" data-e-type=\"widget\" data-widget_type=\"heading.default\">\n\t\t\t\t\t<h2 class=\"elementor-heading-title elementor-size-default\">Bem-vindo \u00e0 Ambassador Voyage<\/h2>\t\t\t\t<\/div>\n\t\t<div class=\"elementor-element elementor-element-ce5f3df e-con-full e-flex e-con e-child\" data-id=\"ce5f3df\" data-element_type=\"container\" data-e-type=\"container\">\n\t\t<div class=\"elementor-element elementor-element-ed647ad e-con-full e-flex e-con e-child\" data-id=\"ed647ad\" data-element_type=\"container\" data-e-type=\"container\">\n\t\t\t\t<div class=\"elementor-element elementor-element-1d77f43 elementor-widget elementor-widget-image\" data-id=\"1d77f43\" data-element_type=\"widget\" data-e-type=\"widget\" data-widget_type=\"image.default\">\n\t\t\t\t\t\t\t\t\t\t\t\t\t\t\t<img decoding=\"async\" width=\"549\" height=\"120\" src=\"https:\/\/www.alsafir.co\/wp-content\/uploads\/2025\/08\/subsidary-lgo1.png\" class=\"attachment-full size-full wp-image-67\" alt=\"\" srcset=\"https:\/\/www.alsafir.co\/wp-content\/uploads\/2025\/08\/subsidary-lgo1.png 549w, https:\/\/www.alsafir.co\/wp-content\/uploads\/2025\/08\/subsidary-lgo1-300x66.png 300w\" sizes=\"(max-width: 549px) 100vw, 549px\" \/>\t\t\t\t\t\t\t\t\t\t\t\t\t\t\t<\/div>\n\t\t\t\t<\/div>\n\t\t<div class=\"elementor-element elementor-element-7f7b41d e-con-full e-flex e-con e-child\" data-id=\"7f7b41d\" data-element_type=\"container\" data-e-type=\"container\">\n\t\t\t\t<div class=\"elementor-element elementor-element-3cabdc0 elementor-widget elementor-widget-text-editor\" data-id=\"3cabdc0\" data-element_type=\"widget\" data-e-type=\"widget\" data-widget_type=\"text-editor.default\">\n\t\t\t\t\t\t\t\t\t<p><strong>A sua porta de entrada para viagens memor\u00e1veis<\/strong><\/p><p>Na Ambassador Voyage, acreditamos que viajar \u00e9 mais do que apenas deslocar-se \u2014 trata-se de experi\u00eancia, descoberta e liga\u00e7\u00e3o. Como empresa de viagens e turismo de refer\u00eancia, dedicamo-nos a criar viagens inesquec\u00edveis que refletem os seus sonhos, prefer\u00eancias e estilo de vida.<\/p><p>Quer esteja \u00e0 procura de escapadelas de luxo, explora\u00e7\u00f5es culturais, gest\u00e3o de viagens de neg\u00f3cios ou itiner\u00e1rios personalizados, a nossa equipa de especialistas est\u00e1 aqui para o orientar em cada etapa. Com uma rede global de parceiros e uma paix\u00e3o pela excel\u00eancia, garantimos um planeamento de viagens sem complica\u00e7\u00f5es, um servi\u00e7o de topo e um valor excecional.<\/p><p>Na Ambassador Voyage, n\u00e3o organizamos apenas viagens \u2014 criamos experi\u00eancias que duram uma vida inteira.<\/p>\t\t\t\t\t\t\t\t<\/div>\n\t\t\t\t<\/div>\n\t\t\t\t<\/div>\n\t\t\t\t<\/div>\n\t\t<div class=\"elementor-element elementor-element-82df7e6 e-con-full e-flex e-con e-child\" data-id=\"82df7e6\" data-element_type=\"container\" data-e-type=\"container\">\n\t\t\t\t<div class=\"elementor-element elementor-element-51aee9a elementor-widget elementor-widget-heading\" data-id=\"51aee9a\" data-element_type=\"widget\" data-e-type=\"widget\" data-widget_type=\"heading.default\">\n\t\t\t\t\t<h2 class=\"elementor-heading-title elementor-size-default\">Bem-vindo \u00e0 The Conceito<\/h2>\t\t\t\t<\/div>\n\t\t<div class=\"elementor-element elementor-element-1785b30 e-con-full e-flex e-con e-child\" data-id=\"1785b30\" data-element_type=\"container\" data-e-type=\"container\">\n\t\t<div class=\"elementor-element elementor-element-206c15b e-con-full e-flex e-con e-child\" data-id=\"206c15b\" data-element_type=\"container\" data-e-type=\"container\">\n\t\t\t\t<div class=\"elementor-element elementor-element-88444fc elementor-widget elementor-widget-image\" data-id=\"88444fc\" data-element_type=\"widget\" data-e-type=\"widget\" data-widget_type=\"image.default\">\n\t\t\t\t\t\t\t\t\t\t\t\t\t\t\t<img loading=\"lazy\" decoding=\"async\" width=\"519\" height=\"68\" src=\"https:\/\/www.alsafir.co\/wp-content\/uploads\/2025\/08\/subsidary-lgo2.png\" class=\"attachment-full size-full wp-image-68\" alt=\"\" srcset=\"https:\/\/www.alsafir.co\/wp-content\/uploads\/2025\/08\/subsidary-lgo2.png 519w, https:\/\/www.alsafir.co\/wp-content\/uploads\/2025\/08\/subsidary-lgo2-300x39.png 300w\" sizes=\"(max-width: 519px) 100vw, 519px\" \/>\t\t\t\t\t\t\t\t\t\t\t\t\t\t\t<\/div>\n\t\t\t\t<\/div>\n\t\t<div class=\"elementor-element elementor-element-7e10b3d e-con-full e-flex e-con e-child\" data-id=\"7e10b3d\" data-element_type=\"container\" data-e-type=\"container\">\n\t\t\t\t<div class=\"elementor-element elementor-element-14cfc12 elementor-widget elementor-widget-text-editor\" data-id=\"14cfc12\" data-element_type=\"widget\" data-e-type=\"widget\" data-widget_type=\"text-editor.default\">\n\t\t\t\t\t\t\t\t\t<p><strong>Eleve o seu modo de viver \u2013 Onde o estilo encontra a sofistica\u00e7\u00e3o<\/strong><br \/><br \/>Na The Conceito, trazemos eleg\u00e2ncia e funcionalidade \u00e0 sua casa com uma sele\u00e7\u00e3o curada de mobili\u00e1rio de alta qualidade, talheres de marca, copos finos e lou\u00e7a de design. A nossa cole\u00e7\u00e3o combina design intemporal com est\u00e9tica moderna, oferecendo qualidade que fala por si.<br \/><br \/>Quer esteja a mobilar o seu espa\u00e7o ou a elevar a sua experi\u00eancia de refei\u00e7\u00e3o, a The Conceito \u00e9 o seu destino de confian\u00e7a para bom gosto e artesanato excecional. De sof\u00e1s estilosos e conjuntos de jantar a copos e utens\u00edlios requintados \u2014 cada item \u00e9 escolhido para melhorar a sua forma de viver.<br \/><br \/>Descubra a arte de viver com beleza \u2014 s\u00f3 na The Conceito.<\/p>\t\t\t\t\t\t\t\t<\/div>\n\t\t\t\t<\/div>\n\t\t\t\t<\/div>\n\t\t\t\t<\/div>\n\t\t<div class=\"elementor-element elementor-element-8e8c924 e-con-full e-flex e-con e-child\" data-id=\"8e8c924\" data-element_type=\"container\" data-e-type=\"container\">\n\t\t\t\t<div class=\"elementor-element elementor-element-1a89a1b elementor-widget elementor-widget-heading\" data-id=\"1a89a1b\" data-element_type=\"widget\" data-e-type=\"widget\" data-widget_type=\"heading.default\">\n\t\t\t\t\t<h2 class=\"elementor-heading-title elementor-size-default\">Bem-vindo \u00e0 Casa de Padel<\/h2>\t\t\t\t<\/div>\n\t\t<div class=\"elementor-element elementor-element-54bafa3 e-con-full e-flex e-con e-child\" data-id=\"54bafa3\" data-element_type=\"container\" data-e-type=\"container\">\n\t\t<div class=\"elementor-element elementor-element-1169bfa e-con-full e-flex e-con e-child\" data-id=\"1169bfa\" data-element_type=\"container\" data-e-type=\"container\">\n\t\t\t\t<div class=\"elementor-element elementor-element-d573f21 elementor-widget elementor-widget-image\" data-id=\"d573f21\" data-element_type=\"widget\" data-e-type=\"widget\" data-widget_type=\"image.default\">\n\t\t\t\t\t\t\t\t\t\t\t\t\t\t\t<img loading=\"lazy\" decoding=\"async\" width=\"437\" height=\"313\" src=\"https:\/\/www.alsafir.co\/wp-content\/uploads\/2025\/08\/subsidary-lgo4-a.jpg\" class=\"attachment-full size-full wp-image-71\" alt=\"\" srcset=\"https:\/\/www.alsafir.co\/wp-content\/uploads\/2025\/08\/subsidary-lgo4-a.jpg 437w, https:\/\/www.alsafir.co\/wp-content\/uploads\/2025\/08\/subsidary-lgo4-a-300x215.jpg 300w\" sizes=\"(max-width: 437px) 100vw, 437px\" \/>\t\t\t\t\t\t\t\t\t\t\t\t\t\t\t<\/div>\n\t\t\t\t<\/div>\n\t\t<div class=\"elementor-element elementor-element-b4cd210 e-con-full e-flex e-con e-child\" data-id=\"b4cd210\" data-element_type=\"container\" data-e-type=\"container\">\n\t\t\t\t<div class=\"elementor-element elementor-element-eeb0e95 elementor-widget elementor-widget-text-editor\" data-id=\"eeb0e95\" data-element_type=\"widget\" data-e-type=\"widget\" data-widget_type=\"text-editor.default\">\n\t\t\t\t\t\t\t\t\t<p><strong>Onde a paix\u00e3o encontra o campo<\/strong><br \/><br \/>A Casa de Padel \u00e9 mais do que uma instala\u00e7\u00e3o desportiva \u2014 \u00e9 um lar para entusiastas de padel de todos os n\u00edveis. Quer seja um jogador experiente ou esteja agora a descobrir a emo\u00e7\u00e3o do jogo, os nossos campos de n\u00edvel internacional, comunidade vibrante e treinadores especializados fazem de cada jogo uma experi\u00eancia memor\u00e1vel.<br \/><br \/>Na Casa de Padel, combinamos excel\u00eancia desportiva com um ambiente social e energ\u00e9tico. De jogos casuais a torneios, de sess\u00f5es de treino a eventos privados, oferecemos um espa\u00e7o din\u00e2mico onde o desporto, o estilo de vida e a comunidade se encontram.<br \/><br \/>Junte-se ao movimento. Jogue, conecte-se e evolua com a Casa de Padel.<\/p>\t\t\t\t\t\t\t\t<\/div>\n\t\t\t\t<\/div>\n\t\t\t\t<\/div>\n\t\t\t\t<\/div>\n\t\t<div class=\"elementor-element elementor-element-31a63bd e-con-full e-flex e-con e-child\" data-id=\"31a63bd\" data-element_type=\"container\" data-e-type=\"container\">\n\t\t\t\t<div class=\"elementor-element elementor-element-9f6b766 elementor-widget elementor-widget-heading\" data-id=\"9f6b766\" data-element_type=\"widget\" data-e-type=\"widget\" data-widget_type=\"heading.default\">\n\t\t\t\t\t<h2 class=\"elementor-heading-title elementor-size-default\">Bem-vindo \u00e0 A.A.D. \u2013 Servi\u00e7os Mineiros, Lda<\/h2>\t\t\t\t<\/div>\n\t\t<div class=\"elementor-element elementor-element-7cdb5c4 e-con-full e-flex e-con e-child\" data-id=\"7cdb5c4\" data-element_type=\"container\" data-e-type=\"container\">\n\t\t<div class=\"elementor-element elementor-element-a8efd75 e-con-full e-flex e-con e-child\" data-id=\"a8efd75\" data-element_type=\"container\" data-e-type=\"container\">\n\t\t\t\t<div class=\"elementor-element elementor-element-4d7e51b elementor-widget elementor-widget-image\" data-id=\"4d7e51b\" data-element_type=\"widget\" data-e-type=\"widget\" data-widget_type=\"image.default\">\n\t\t\t\t\t\t\t\t\t\t\t\t\t\t\t<img loading=\"lazy\" decoding=\"async\" width=\"474\" height=\"238\" src=\"https:\/\/www.alsafir.co\/wp-content\/uploads\/2025\/08\/subsidary-lgo5-a.jpg\" class=\"attachment-full size-full wp-image-72\" alt=\"\" srcset=\"https:\/\/www.alsafir.co\/wp-content\/uploads\/2025\/08\/subsidary-lgo5-a.jpg 474w, https:\/\/www.alsafir.co\/wp-content\/uploads\/2025\/08\/subsidary-lgo5-a-300x151.jpg 300w\" sizes=\"(max-width: 474px) 100vw, 474px\" \/>\t\t\t\t\t\t\t\t\t\t\t\t\t\t\t<\/div>\n\t\t\t\t<\/div>\n\t\t<div class=\"elementor-element elementor-element-0fa38be e-con-full e-flex e-con e-child\" data-id=\"0fa38be\" data-element_type=\"container\" data-e-type=\"container\">\n\t\t\t\t<div class=\"elementor-element elementor-element-0d27686 elementor-widget elementor-widget-text-editor\" data-id=\"0d27686\" data-element_type=\"widget\" data-e-type=\"widget\" data-widget_type=\"text-editor.default\">\n\t\t\t\t\t\t\t\t\t<p><strong>Excel\u00eancia ao servi\u00e7o da ind\u00fastria mineira em Angola<\/strong><br \/><br \/>Na A.A.D. \u2013 Servi\u00e7os Mineiros, estamos empenhados em desbloquear a riqueza natural de Angola atrav\u00e9s de opera\u00e7\u00f5es mineiras respons\u00e1veis, eficientes e inovadoras. Especializados na explora\u00e7\u00e3o e extra\u00e7\u00e3o de diamantes, combinamos tecnologia de ponta, experi\u00eancia qualificada e um profundo respeito pela terra para gerar resultados de elevado valor com integridade.<br \/><br \/>Operando na regi\u00e3o rica em recursos de Malanje, focamo-nos no desenvolvimento sustent\u00e1vel, no envolvimento com as comunidades locais e na gest\u00e3o ambiental como pilares do nosso neg\u00f3cio. Desde a prospe\u00e7\u00e3o \u00e0 recupera\u00e7\u00e3o final, todas as fases das nossas opera\u00e7\u00f5es s\u00e3o guiadas por precis\u00e3o, seguran\u00e7a e transpar\u00eancia.<br \/><br \/>A A.A.D. \u2013 Servi\u00e7os Mineiros \u00e9 mais do que uma empresa mineira \u2014 \u00e9 um parceiro de confian\u00e7a no crescimento econ\u00f3mico de Angola e um orgulhoso contribuinte para o futuro da minera\u00e7\u00e3o respons\u00e1vel.<\/p>\t\t\t\t\t\t\t\t<\/div>\n\t\t\t\t<\/div>\n\t\t\t\t<\/div>\n\t\t\t\t<\/div>\n\t\t\t\t\t<\/div>\n\t\t\t\t<\/div>\n\t\t<div class=\"elementor-element elementor-element-b6be277 e-con-full e-flex e-con e-parent\" data-id=\"b6be277\" data-element_type=\"container\" data-e-type=\"container\">\n\t\t\t\t<div class=\"elementor-element elementor-element-83cc7d7 elementor-widget elementor-widget-shortcode\" data-id=\"83cc7d7\" data-element_type=\"widget\" data-e-type=\"widget\" data-widget_type=\"shortcode.default\">\n\t\t\t\t\t\t\t<div class=\"elementor-shortcode\">\t\t<div data-elementor-type=\"wp-post\" data-elementor-id=\"102\" class=\"elementor elementor-102\">\n\t\t\t\t<div class=\"elementor-element elementor-element-38fc819 e-flex e-con-boxed e-con e-parent\" data-id=\"38fc819\" data-element_type=\"container\" data-e-type=\"container\" data-settings=\"{&quot;background_background&quot;:&quot;classic&quot;}\">\n\t\t\t\t\t<div class=\"e-con-inner\">\n\t\t\t\t<div class=\"elementor-element elementor-element-8d9c886 elementor-widget elementor-widget-heading\" data-id=\"8d9c886\" data-element_type=\"widget\" data-e-type=\"widget\" data-widget_type=\"heading.default\">\n\t\t\t\t\t<h2 class=\"elementor-heading-title elementor-size-default\">Turning Ideas into Reality<\/h2>\t\t\t\t<\/div>\n\t\t\t\t<div class=\"elementor-element elementor-element-6501f0d elementor-widget elementor-widget-text-editor\" data-id=\"6501f0d\" data-element_type=\"widget\" data-e-type=\"widget\" data-widget_type=\"text-editor.default\">\n\t\t\t\t\t\t\t\t\t<p>Collaborate with industry experts.<\/p>\t\t\t\t\t\t\t\t<\/div>\n\t\t\t\t<div class=\"elementor-element elementor-element-72bebd3 elementor-align-center elementor-widget elementor-widget-button\" data-id=\"72bebd3\" data-element_type=\"widget\" data-e-type=\"widget\" data-widget_type=\"button.default\">\n\t\t\t\t\t\t\t\t\t\t<a class=\"elementor-button elementor-button-link elementor-size-sm\" href=\"https:\/\/www.alsafir.co\/contact-us\/\">\n\t\t\t\t\t\t<span class=\"elementor-button-content-wrapper\">\n\t\t\t\t\t\t\t\t\t<span class=\"elementor-button-text\">Get started now<\/span>\n\t\t\t\t\t<\/span>\n\t\t\t\t\t<\/a>\n\t\t\t\t\t\t\t\t<\/div>\n\t\t\t\t\t<\/div>\n\t\t\t\t<\/div>\n\t\t\t\t<\/div>\n\t\t<\/div>\n\t\t\t\t\t\t<\/div>\n\t\t\t\t<\/div>\n\t\t\t\t<\/div>","protected":false},"excerpt":{"rendered":"<p>Our Subsidiaries Welcome to Alsafir Com\u00e9rcio e Ind\u00fastria LDA At Alsafir Com\u00e9rcio e Ind\u00fastria LDA, we are dedicated to building strong, strategic trade and industry partnerships that drive sustainable growth&hellip;<\/p>","protected":false},"author":1,"featured_media":0,"parent":0,"menu_order":0,"comment_status":"closed","ping_status":"closed","template":"elementor_header_footer","meta":{"footnotes":""},"class_list":["post-170","page","type-page","status-publish","hentry"],"_links":{"self":[{"href":"https:\/\/www.alsafir.co\/pt\/wp-json\/wp\/v2\/pages\/170","targetHints":{"allow":["GET"]}}],"collection":[{"href":"https:\/\/www.alsafir.co\/pt\/wp-json\/wp\/v2\/pages"}],"about":[{"href":"https:\/\/www.alsafir.co\/pt\/wp-json\/wp\/v2\/types\/page"}],"author":[{"embeddable":true,"href":"https:\/\/www.alsafir.co\/pt\/wp-json\/wp\/v2\/users\/1"}],"replies":[{"embeddable":true,"href":"https:\/\/www.alsafir.co\/pt\/wp-json\/wp\/v2\/comments?post=170"}],"version-history":[{"count":7,"href":"https:\/\/www.alsafir.co\/pt\/wp-json\/wp\/v2\/pages\/170\/revisions"}],"predecessor-version":[{"id":207,"href":"https:\/\/www.alsafir.co\/pt\/wp-json\/wp\/v2\/pages\/170\/revisions\/207"}],"wp:attachment":[{"href":"https:\/\/www.alsafir.co\/pt\/wp-json\/wp\/v2\/media?parent=170"}],"curies":[{"name":"wp","href":"https:\/\/api.w.org\/{rel}","templated":true}]}}